{"id":2388,"date":"2022-04-04T13:36:56","date_gmt":"2022-04-04T13:36:56","guid":{"rendered":"https:\/\/blog.mandalinarossa.com\/?page_id=2388"},"modified":"2022-04-04T13:46:10","modified_gmt":"2022-04-04T13:46:10","slug":"fotograf-makinesi-kayislari","status":"publish","type":"page","link":"https:\/\/mandalinarossa.com\/?page_id=2388&lang=tr","title":{"rendered":"foto\u011fraf makinesi kay\u0131\u015flar\u0131"},"content":{"rendered":"\n<div class=\"wp-block-cover\"><span aria-hidden=\"true\" class=\"wp-block-cover__gradient-background has-background-dim\"><\/span><img loading=\"lazy\" decoding=\"async\" width=\"2560\" height=\"1699\" class=\"wp-block-cover__image-background wp-image-2390\" alt=\"\" src=\"https:\/\/blog.mandalinarossa.com\/wp-content\/uploads\/2022\/04\/DSC02111-scaled.jpg\" data-object-fit=\"cover\" srcset=\"https:\/\/mandalinarossa.com\/wp-content\/uploads\/2022\/04\/DSC02111-scaled.jpg 2560w, https:\/\/mandalinarossa.com\/wp-content\/uploads\/2022\/04\/DSC02111-300x199.jpg 300w, https:\/\/mandalinarossa.com\/wp-content\/uploads\/2022\/04\/DSC02111-1024x680.jpg 1024w, https:\/\/mandalinarossa.com\/wp-content\/uploads\/2022\/04\/DSC02111-768x510.jpg 768w, https:\/\/mandalinarossa.com\/wp-content\/uploads\/2022\/04\/DSC02111-600x398.jpg 600w, https:\/\/mandalinarossa.com\/wp-content\/uploads\/2022\/04\/DSC02111-1536x1019.jpg 1536w, https:\/\/mandalinarossa.com\/wp-content\/uploads\/2022\/04\/DSC02111-2048x1359.jpg 2048w, https:\/\/mandalinarossa.com\/wp-content\/uploads\/2022\/04\/DSC02111-1140x757.jpg 1140w\" sizes=\"auto, (max-width: 2560px) 100vw, 2560px\" \/><div class=\"wp-block-cover__inner-container is-layout-flow wp-block-cover-is-layout-flow\">\n<p class=\"has-text-align-center has-large-font-size\" style=\"font-style:normal;font-weight:200\">\u00e7arpanal\u0131 kolan dokuma<\/p>\n\n\n\n<p class=\"has-text-align-center has-large-font-size\" style=\"font-style:normal;font-weight:200\">foto\u011fraf makinesi kay\u0131\u015flar\u0131 <\/p>\n<\/div><\/div>\n\n\n\n<div style=\"height:100px\" aria-hidden=\"true\" class=\"wp-block-spacer\"><\/div>\n\n\n<style>#jtg-1795 .modula-item .jtg-social a, .lightbox-socials.jtg-social a{ fill: #ffffff; color: #ffffff }#jtg-1795 .modula-item .jtg-social-mobile a{ fill: #ffffff; color: #ffffff }#jtg-1795 .modula-item .jtg-social svg, .lightbox-socials.jtg-social svg { height: 16px; width: 16px }#jtg-1795 .modula-item .jtg-social-mobile svg { height: 16px; width: 16px }#jtg-1795 .modula-item .jtg-social a:not(:last-child), .lightbox-socials.jtg-social a:not(:last-child) { margin-right: 10px }#jtg-1795 .modula-item .jtg-social-mobile .jtg-social-mobile-icons a:not(:last-child){ margin-right: 10px }#jtg-1795 .modula-item .figc {color:#ffffff;}#jtg-1795 .modula-item .modula-item-content { transform: scale(1) }#jtg-1795 .modula-items .figc p.description { font-size:14px; }#jtg-1795 .modula-items .figc p.description { color:#ffffff;}#jtg-1795.modula-gallery .modula-item > a, #jtg-1795.modula-gallery .modula-item, #jtg-1795.modula-gallery .modula-item-content > a:not(.modula-no-follow) { cursor:pointer; } #jtg-1795.modula-gallery .modula-item-content .modula-no-follow { cursor: default; } @media screen and (max-width:480px){#jtg-1795 .modula-item .figc .jtg-title {  font-size: 12px; }#jtg-1795 .modula-items .figc p.description { color:#ffffff;font-size:10px; }}<\/style>\n<!-- Gallery Container -->\n<div  id=\"jtg-1795\" class=\"modula modula-gallery modula-custom-grid\" data-config=\"{&quot;height&quot;:800,&quot;tabletHeight&quot;:800,&quot;mobileHeight&quot;:800,&quot;desktopHeight&quot;:800,&quot;enableTwitter&quot;:false,&quot;enableWhatsapp&quot;:false,&quot;enableFacebook&quot;:false,&quot;enablePinterest&quot;:false,&quot;enableLinkedin&quot;:false,&quot;enableEmail&quot;:false,&quot;randomFactor&quot;:0.5,&quot;type&quot;:&quot;custom-grid&quot;,&quot;columns&quot;:12,&quot;gutter&quot;:10,&quot;mobileGutter&quot;:10,&quot;tabletGutter&quot;:10,&quot;desktopGutter&quot;:10,&quot;enableResponsive&quot;:&quot;1&quot;,&quot;tabletColumns&quot;:&quot;2&quot;,&quot;mobileColumns&quot;:&quot;2&quot;,&quot;lazyLoad&quot;:&quot;1&quot;,&quot;lightboxOpts&quot;:{&quot;animated&quot;:true,&quot;Thumbs&quot;:{&quot;type&quot;:&quot;modern&quot;,&quot;showOnStart&quot;:false},&quot;Toolbar&quot;:{&quot;display&quot;:{&quot;right&quot;:[&quot;close&quot;]},&quot;enabled&quot;:true},&quot;Carousel&quot;:{&quot;Panzoom&quot;:{&quot;touch&quot;:false},&quot;infinite&quot;:false},&quot;keyboard&quot;:{&quot;Escape&quot;:&quot;close&quot;,&quot;Delete&quot;:&quot;close&quot;,&quot;Backspace&quot;:&quot;close&quot;,&quot;PageUp&quot;:false,&quot;PageDown&quot;:false,&quot;ArrowUp&quot;:false,&quot;ArrowDown&quot;:false,&quot;ArrowRight&quot;:false,&quot;ArrowLeft&quot;:false},&quot;touch&quot;:false,&quot;backdropClick&quot;:false,&quot;l10n&quot;:{&quot;CLOSE&quot;:&quot;Close&quot;,&quot;NEXT&quot;:&quot;Next&quot;,&quot;PREV&quot;:&quot;Previous&quot;,&quot;Error&quot;:&quot;The requested content cannot be loaded. Please try again later.&quot;,&quot;PLAY_START&quot;:&quot;Start slideshow&quot;,&quot;PLAY_STOP&quot;:&quot;Pause slideshow&quot;,&quot;FULL_SCREEN&quot;:&quot;Full screen&quot;,&quot;THUMBS&quot;:&quot;Thumbnails&quot;,&quot;DOWNLOAD&quot;:&quot;Download&quot;,&quot;SHARE&quot;:&quot;Share&quot;,&quot;ZOOM&quot;:&quot;Zoom&quot;,&quot;EMAIL&quot;:&quot;Here is the link to the image : %%image_link%% and this is the link to the gallery : %%gallery_link%%&quot;,&quot;MODAL&quot;:&quot;You can close this modal content with the ESC key&quot;,&quot;ERROR&quot;:&quot;Something Went Wrong, Please Try Again Later&quot;,&quot;IMAGE_ERROR&quot;:&quot;Image Not Found&quot;,&quot;ELEMENT_NOT_FOUND&quot;:&quot;HTML Element Not Found&quot;,&quot;AJAX_NOT_FOUND&quot;:&quot;Error Loading AJAX : Not Found&quot;,&quot;AJAX_FORBIDDEN&quot;:&quot;Error Loading AJAX : Forbidden&quot;,&quot;IFRAME_ERROR&quot;:&quot;Error Loading Page&quot;,&quot;TOGGLE_ZOOM&quot;:&quot;Toggle zoom level&quot;,&quot;TOGGLE_THUMBS&quot;:&quot;Toggle thumbnails&quot;,&quot;TOGGLE_SLIDESHOW&quot;:&quot;Toggle slideshow&quot;,&quot;TOGGLE_FULLSCREEN&quot;:&quot;Toggle full-screen mode&quot;},&quot;Images&quot;:{&quot;Panzoom&quot;:{&quot;maxScale&quot;:2}},&quot;mainClass&quot;:&quot;modula-fancybox-container modula-lightbox-jtg-1795&quot;,&quot;Html&quot;:{&quot;videoAutoplay&quot;:0,&quot;videoTpl&quot;:&quot;&lt;video class=\\&quot;fancybox__html5video\\&quot; controls muted playsinline controlsList controlsList=\\&quot;nodownload\\&quot; poster=\\&quot;{{poster}}\\&quot; src=\\&quot;{{src}}\\&quot; type=\\&quot;{{format}}\\&quot; &gt;  Sorry, your browser doesn&#039;t support embedded videos, &lt;a href=\\&quot;{{src}}\\&quot;&gt; download &lt;\\\/a&gt; and watch with your favorite video player! &lt;\\\/video&gt;&quot;}},&quot;inView&quot;:false,&quot;email_subject&quot;:&quot;Check out this awesome image !!&quot;,&quot;email_message&quot;:&quot;Here is the link to the image : %%image_link%% and this is the link to the gallery : %%gallery_link%%&quot;,&quot;lightbox&quot;:&quot;fancybox&quot;}\">\n\n\t\n\t<!-- Items Container -->\n\t<div  class=\"modula-items\">\n\t\t<div class=\"modula-item effect-pufrobo\" data-width=\"4\" data-height=\"4\" >\n\t<div class=\"modula-item-overlay\"><\/div>\n\n\t<div class=\"modula-item-content\">\n\n\t\t\t\t\n\t\t\t\t\t<a data-image-id=\"1796\" data-elementor-open-lightbox=\"no\" tabindex=\"0\" rel=\"jtg-1795\" data-caption=\"\" aria-label=\"Open image in lightbox\" role=\"button\" class=\"tile-inner modula-item-link\"><\/a>\n\t\t\n\t\t<img class=\"pic wp-image-1796 lazyload\"  data-valign=\"middle\" data-halign=\"center\" alt=\"\" data-full=\"https:\/\/mandalinarossa.com\/wp-content\/uploads\/2022\/03\/dokumaufak5-1.jpg\" title=\"dokumaufak5\" width=\"300\" height=\"246\" data-src=\"https:\/\/mandalinarossa.com\/wp-content\/uploads\/2022\/03\/dokumaufak5-1-300x246.jpg\" data-caption=\"\" data-source=\"modula\" data-srcset=\"https:\/\/mandalinarossa.com\/wp-content\/uploads\/2022\/03\/dokumaufak5-1.jpg 900w, https:\/\/mandalinarossa.com\/wp-content\/uploads\/2022\/03\/dokumaufak5-1-300x246.jpg 300w, https:\/\/mandalinarossa.com\/wp-content\/uploads\/2022\/03\/dokumaufak5-1-768x630.jpg 768w, https:\/\/mandalinarossa.com\/wp-content\/uploads\/2022\/03\/dokumaufak5-1-600x492.jpg 600w\" data-sizes=\"(max-width: 300px) 100vw, 300px\" \/>\n\t\t<div class=\"figc no-description\">\n\t\t\t<div class=\"figc-inner\">\n\t\t\t\t\t\t\t\t\t\t\t\t\t\t\t<\/div>\n\t\t<\/div>\n\n\t<\/div>\n\n<\/div><div class=\"modula-item effect-pufrobo\" data-width=\"4\" data-height=\"4\" >\n\t<div class=\"modula-item-overlay\"><\/div>\n\n\t<div class=\"modula-item-content\">\n\n\t\t\t\t\n\t\t\t\t\t<a data-image-id=\"1797\" data-elementor-open-lightbox=\"no\" tabindex=\"0\" rel=\"jtg-1795\" data-caption=\"\" aria-label=\"Open image in lightbox\" role=\"button\" class=\"tile-inner modula-item-link\"><\/a>\n\t\t\n\t\t<img class=\"pic wp-image-1797 lazyload\"  data-valign=\"middle\" data-halign=\"center\" alt=\"\" data-full=\"https:\/\/mandalinarossa.com\/wp-content\/uploads\/2022\/03\/dokumaufak9-1.jpg\" title=\"dokumaufak9\" width=\"300\" height=\"199\" data-src=\"https:\/\/mandalinarossa.com\/wp-content\/uploads\/2022\/03\/dokumaufak9-1-300x199.jpg\" data-caption=\"\" data-source=\"modula\" data-srcset=\"https:\/\/mandalinarossa.com\/wp-content\/uploads\/2022\/03\/dokumaufak9-1.jpg 900w, https:\/\/mandalinarossa.com\/wp-content\/uploads\/2022\/03\/dokumaufak9-1-300x199.jpg 300w, https:\/\/mandalinarossa.com\/wp-content\/uploads\/2022\/03\/dokumaufak9-1-768x510.jpg 768w, https:\/\/mandalinarossa.com\/wp-content\/uploads\/2022\/03\/dokumaufak9-1-600x399.jpg 600w, https:\/\/mandalinarossa.com\/wp-content\/uploads\/2022\/03\/dokumaufak9-1-500x330.jpg 500w\" data-sizes=\"(max-width: 300px) 100vw, 300px\" \/>\n\t\t<div class=\"figc no-description\">\n\t\t\t<div class=\"figc-inner\">\n\t\t\t\t\t\t\t\t\t\t\t\t\t\t\t<\/div>\n\t\t<\/div>\n\n\t<\/div>\n\n<\/div><div class=\"modula-item effect-pufrobo\" data-width=\"4\" data-height=\"4\" >\n\t<div class=\"modula-item-overlay\"><\/div>\n\n\t<div class=\"modula-item-content\">\n\n\t\t\t\t\n\t\t\t\t\t<a data-image-id=\"1798\" data-elementor-open-lightbox=\"no\" tabindex=\"0\" rel=\"jtg-1795\" data-caption=\"\" aria-label=\"Open image in lightbox\" role=\"button\" class=\"tile-inner modula-item-link\"><\/a>\n\t\t\n\t\t<img class=\"pic wp-image-1798 lazyload\"  data-valign=\"middle\" data-halign=\"center\" alt=\"\" data-full=\"https:\/\/mandalinarossa.com\/wp-content\/uploads\/2022\/03\/DSC00005.jpg\" title=\"DSC00005\" width=\"300\" height=\"256\" data-src=\"https:\/\/mandalinarossa.com\/wp-content\/uploads\/2022\/03\/DSC00005-300x256.jpg\" data-caption=\"\" data-source=\"modula\" data-srcset=\"https:\/\/mandalinarossa.com\/wp-content\/uploads\/2022\/03\/DSC00005.jpg 1500w, https:\/\/mandalinarossa.com\/wp-content\/uploads\/2022\/03\/DSC00005-300x256.jpg 300w, https:\/\/mandalinarossa.com\/wp-content\/uploads\/2022\/03\/DSC00005-1024x874.jpg 1024w, https:\/\/mandalinarossa.com\/wp-content\/uploads\/2022\/03\/DSC00005-768x656.jpg 768w, https:\/\/mandalinarossa.com\/wp-content\/uploads\/2022\/03\/DSC00005-600x512.jpg 600w, https:\/\/mandalinarossa.com\/wp-content\/uploads\/2022\/03\/DSC00005-1140x974.jpg 1140w\" data-sizes=\"(max-width: 300px) 100vw, 300px\" \/>\n\t\t<div class=\"figc no-description\">\n\t\t\t<div class=\"figc-inner\">\n\t\t\t\t\t\t\t\t\t\t\t\t\t\t\t<\/div>\n\t\t<\/div>\n\n\t<\/div>\n\n<\/div><div class=\"modula-item effect-pufrobo\" data-width=\"4\" data-height=\"4\" >\n\t<div class=\"modula-item-overlay\"><\/div>\n\n\t<div class=\"modula-item-content\">\n\n\t\t\t\t\n\t\t\t\t\t<a data-image-id=\"1799\" data-elementor-open-lightbox=\"no\" tabindex=\"0\" rel=\"jtg-1795\" data-caption=\"\" aria-label=\"Open image in lightbox\" role=\"button\" class=\"tile-inner modula-item-link\"><\/a>\n\t\t\n\t\t<img class=\"pic wp-image-1799 lazyload\"  data-valign=\"middle\" data-halign=\"center\" alt=\"\" data-full=\"https:\/\/mandalinarossa.com\/wp-content\/uploads\/2022\/03\/DSC00150.jpg\" title=\"DSC00150\" width=\"300\" height=\"234\" data-src=\"https:\/\/mandalinarossa.com\/wp-content\/uploads\/2022\/03\/DSC00150-300x234.jpg\" data-caption=\"\" data-source=\"modula\" data-srcset=\"https:\/\/mandalinarossa.com\/wp-content\/uploads\/2022\/03\/DSC00150.jpg 1500w, https:\/\/mandalinarossa.com\/wp-content\/uploads\/2022\/03\/DSC00150-300x234.jpg 300w, https:\/\/mandalinarossa.com\/wp-content\/uploads\/2022\/03\/DSC00150-1024x800.jpg 1024w, https:\/\/mandalinarossa.com\/wp-content\/uploads\/2022\/03\/DSC00150-768x600.jpg 768w, https:\/\/mandalinarossa.com\/wp-content\/uploads\/2022\/03\/DSC00150-600x469.jpg 600w, https:\/\/mandalinarossa.com\/wp-content\/uploads\/2022\/03\/DSC00150-1140x891.jpg 1140w\" data-sizes=\"(max-width: 300px) 100vw, 300px\" \/>\n\t\t<div class=\"figc no-description\">\n\t\t\t<div class=\"figc-inner\">\n\t\t\t\t\t\t\t\t\t\t\t\t\t\t\t<\/div>\n\t\t<\/div>\n\n\t<\/div>\n\n<\/div><div class=\"modula-item effect-pufrobo\" data-width=\"4\" data-height=\"4\" >\n\t<div class=\"modula-item-overlay\"><\/div>\n\n\t<div class=\"modula-item-content\">\n\n\t\t\t\t\n\t\t\t\t\t<a data-image-id=\"1800\" data-elementor-open-lightbox=\"no\" tabindex=\"0\" rel=\"jtg-1795\" data-caption=\"\" aria-label=\"Open image in lightbox\" role=\"button\" class=\"tile-inner modula-item-link\"><\/a>\n\t\t\n\t\t<img class=\"pic wp-image-1800 lazyload\"  data-valign=\"middle\" data-halign=\"center\" alt=\"\" data-full=\"https:\/\/mandalinarossa.com\/wp-content\/uploads\/2022\/03\/DSC00176.jpg\" title=\"DSC00176\" width=\"300\" height=\"199\" data-src=\"https:\/\/mandalinarossa.com\/wp-content\/uploads\/2022\/03\/DSC00176-300x199.jpg\" data-caption=\"\" data-source=\"modula\" data-srcset=\"https:\/\/mandalinarossa.com\/wp-content\/uploads\/2022\/03\/DSC00176.jpg 1500w, https:\/\/mandalinarossa.com\/wp-content\/uploads\/2022\/03\/DSC00176-300x199.jpg 300w, https:\/\/mandalinarossa.com\/wp-content\/uploads\/2022\/03\/DSC00176-1024x679.jpg 1024w, https:\/\/mandalinarossa.com\/wp-content\/uploads\/2022\/03\/DSC00176-768x509.jpg 768w, https:\/\/mandalinarossa.com\/wp-content\/uploads\/2022\/03\/DSC00176-600x398.jpg 600w, https:\/\/mandalinarossa.com\/wp-content\/uploads\/2022\/03\/DSC00176-1140x756.jpg 1140w, https:\/\/mandalinarossa.com\/wp-content\/uploads\/2022\/03\/DSC00176-500x330.jpg 500w\" data-sizes=\"(max-width: 300px) 100vw, 300px\" \/>\n\t\t<div class=\"figc no-description\">\n\t\t\t<div class=\"figc-inner\">\n\t\t\t\t\t\t\t\t\t\t\t\t\t\t\t<\/div>\n\t\t<\/div>\n\n\t<\/div>\n\n<\/div><div class=\"modula-item effect-pufrobo\" data-width=\"4\" data-height=\"4\" >\n\t<div class=\"modula-item-overlay\"><\/div>\n\n\t<div class=\"modula-item-content\">\n\n\t\t\t\t\n\t\t\t\t\t<a data-image-id=\"1801\" data-elementor-open-lightbox=\"no\" tabindex=\"0\" rel=\"jtg-1795\" data-caption=\"\" aria-label=\"Open image in lightbox\" role=\"button\" class=\"tile-inner modula-item-link\"><\/a>\n\t\t\n\t\t<img class=\"pic wp-image-1801 lazyload\"  data-valign=\"middle\" data-halign=\"center\" alt=\"\" data-full=\"https:\/\/mandalinarossa.com\/wp-content\/uploads\/2022\/03\/DSC00181.jpg\" title=\"DSC00181\" width=\"300\" height=\"199\" data-src=\"https:\/\/mandalinarossa.com\/wp-content\/uploads\/2022\/03\/DSC00181-300x199.jpg\" data-caption=\"\" data-source=\"modula\" data-srcset=\"https:\/\/mandalinarossa.com\/wp-content\/uploads\/2022\/03\/DSC00181.jpg 2448w, https:\/\/mandalinarossa.com\/wp-content\/uploads\/2022\/03\/DSC00181-300x199.jpg 300w, https:\/\/mandalinarossa.com\/wp-content\/uploads\/2022\/03\/DSC00181-1024x679.jpg 1024w, https:\/\/mandalinarossa.com\/wp-content\/uploads\/2022\/03\/DSC00181-768x509.jpg 768w, https:\/\/mandalinarossa.com\/wp-content\/uploads\/2022\/03\/DSC00181-600x398.jpg 600w, https:\/\/mandalinarossa.com\/wp-content\/uploads\/2022\/03\/DSC00181-1536x1019.jpg 1536w, https:\/\/mandalinarossa.com\/wp-content\/uploads\/2022\/03\/DSC00181-2048x1359.jpg 2048w, https:\/\/mandalinarossa.com\/wp-content\/uploads\/2022\/03\/DSC00181-1140x756.jpg 1140w, https:\/\/mandalinarossa.com\/wp-content\/uploads\/2022\/03\/DSC00181-500x330.jpg 500w\" data-sizes=\"(max-width: 300px) 100vw, 300px\" \/>\n\t\t<div class=\"figc no-description\">\n\t\t\t<div class=\"figc-inner\">\n\t\t\t\t\t\t\t\t\t\t\t\t\t\t\t<\/div>\n\t\t<\/div>\n\n\t<\/div>\n\n<\/div><div class=\"modula-item effect-pufrobo\" data-width=\"4\" data-height=\"4\" >\n\t<div class=\"modula-item-overlay\"><\/div>\n\n\t<div class=\"modula-item-content\">\n\n\t\t\t\t\n\t\t\t\t\t<a data-image-id=\"1803\" data-elementor-open-lightbox=\"no\" tabindex=\"0\" rel=\"jtg-1795\" data-caption=\"\" aria-label=\"Open image in lightbox\" role=\"button\" class=\"tile-inner modula-item-link\"><\/a>\n\t\t\n\t\t<img class=\"pic wp-image-1803 lazyload\"  data-valign=\"middle\" data-halign=\"center\" alt=\"\" data-full=\"https:\/\/mandalinarossa.com\/wp-content\/uploads\/2022\/03\/DSC00306.jpg\" title=\"DSC00306\" width=\"300\" height=\"300\" data-src=\"https:\/\/mandalinarossa.com\/wp-content\/uploads\/2022\/03\/DSC00306-300x300.jpg\" data-caption=\"\" data-source=\"modula\" data-srcset=\"https:\/\/mandalinarossa.com\/wp-content\/uploads\/2022\/03\/DSC00306.jpg 2000w, https:\/\/mandalinarossa.com\/wp-content\/uploads\/2022\/03\/DSC00306-300x300.jpg 300w, https:\/\/mandalinarossa.com\/wp-content\/uploads\/2022\/03\/DSC00306-1024x1024.jpg 1024w, https:\/\/mandalinarossa.com\/wp-content\/uploads\/2022\/03\/DSC00306-150x150.jpg 150w, https:\/\/mandalinarossa.com\/wp-content\/uploads\/2022\/03\/DSC00306-768x768.jpg 768w, https:\/\/mandalinarossa.com\/wp-content\/uploads\/2022\/03\/DSC00306-600x600.jpg 600w, https:\/\/mandalinarossa.com\/wp-content\/uploads\/2022\/03\/DSC00306-1536x1536.jpg 1536w, https:\/\/mandalinarossa.com\/wp-content\/uploads\/2022\/03\/DSC00306-1140x1140.jpg 1140w, https:\/\/mandalinarossa.com\/wp-content\/uploads\/2022\/03\/DSC00306-75x75.jpg 75w\" data-sizes=\"(max-width: 300px) 100vw, 300px\" \/>\n\t\t<div class=\"figc no-description\">\n\t\t\t<div class=\"figc-inner\">\n\t\t\t\t\t\t\t\t\t\t\t\t\t\t\t<\/div>\n\t\t<\/div>\n\n\t<\/div>\n\n<\/div><div class=\"modula-item effect-pufrobo\" data-width=\"4\" data-height=\"4\" >\n\t<div class=\"modula-item-overlay\"><\/div>\n\n\t<div class=\"modula-item-content\">\n\n\t\t\t\t\n\t\t\t\t\t<a data-image-id=\"1804\" data-elementor-open-lightbox=\"no\" tabindex=\"0\" rel=\"jtg-1795\" data-caption=\"\" aria-label=\"Open image in lightbox\" role=\"button\" class=\"tile-inner modula-item-link\"><\/a>\n\t\t\n\t\t<img class=\"pic wp-image-1804 lazyload\"  data-valign=\"middle\" data-halign=\"center\" alt=\"\" data-full=\"https:\/\/mandalinarossa.com\/wp-content\/uploads\/2022\/03\/DSC00310.jpg\" title=\"DSC00310\" width=\"300\" height=\"214\" data-src=\"https:\/\/mandalinarossa.com\/wp-content\/uploads\/2022\/03\/DSC00310-300x214.jpg\" data-caption=\"\" data-source=\"modula\" data-srcset=\"https:\/\/mandalinarossa.com\/wp-content\/uploads\/2022\/03\/DSC00310.jpg 2228w, https:\/\/mandalinarossa.com\/wp-content\/uploads\/2022\/03\/DSC00310-300x214.jpg 300w, https:\/\/mandalinarossa.com\/wp-content\/uploads\/2022\/03\/DSC00310-1024x730.jpg 1024w, https:\/\/mandalinarossa.com\/wp-content\/uploads\/2022\/03\/DSC00310-768x547.jpg 768w, https:\/\/mandalinarossa.com\/wp-content\/uploads\/2022\/03\/DSC00310-600x428.jpg 600w, https:\/\/mandalinarossa.com\/wp-content\/uploads\/2022\/03\/DSC00310-1536x1095.jpg 1536w, https:\/\/mandalinarossa.com\/wp-content\/uploads\/2022\/03\/DSC00310-2048x1460.jpg 2048w, https:\/\/mandalinarossa.com\/wp-content\/uploads\/2022\/03\/DSC00310-1140x813.jpg 1140w\" data-sizes=\"(max-width: 300px) 100vw, 300px\" \/>\n\t\t<div class=\"figc no-description\">\n\t\t\t<div class=\"figc-inner\">\n\t\t\t\t\t\t\t\t\t\t\t\t\t\t\t<\/div>\n\t\t<\/div>\n\n\t<\/div>\n\n<\/div><div class=\"modula-item effect-pufrobo\" data-width=\"4\" data-height=\"4\" >\n\t<div class=\"modula-item-overlay\"><\/div>\n\n\t<div class=\"modula-item-content\">\n\n\t\t\t\t\n\t\t\t\t\t<a data-image-id=\"1805\" data-elementor-open-lightbox=\"no\" tabindex=\"0\" rel=\"jtg-1795\" data-caption=\"\" aria-label=\"Open image in lightbox\" role=\"button\" class=\"tile-inner modula-item-link\"><\/a>\n\t\t\n\t\t<img class=\"pic wp-image-1805 lazyload\"  data-valign=\"middle\" data-halign=\"center\" alt=\"\" data-full=\"https:\/\/mandalinarossa.com\/wp-content\/uploads\/2022\/03\/DSC00348.jpg\" title=\"DSC00348\" width=\"300\" height=\"199\" data-src=\"https:\/\/mandalinarossa.com\/wp-content\/uploads\/2022\/03\/DSC00348-300x199.jpg\" data-caption=\"\" data-source=\"modula\" data-srcset=\"https:\/\/mandalinarossa.com\/wp-content\/uploads\/2022\/03\/DSC00348.jpg 2448w, https:\/\/mandalinarossa.com\/wp-content\/uploads\/2022\/03\/DSC00348-300x199.jpg 300w, https:\/\/mandalinarossa.com\/wp-content\/uploads\/2022\/03\/DSC00348-1024x679.jpg 1024w, https:\/\/mandalinarossa.com\/wp-content\/uploads\/2022\/03\/DSC00348-768x509.jpg 768w, https:\/\/mandalinarossa.com\/wp-content\/uploads\/2022\/03\/DSC00348-600x398.jpg 600w, https:\/\/mandalinarossa.com\/wp-content\/uploads\/2022\/03\/DSC00348-1536x1019.jpg 1536w, https:\/\/mandalinarossa.com\/wp-content\/uploads\/2022\/03\/DSC00348-2048x1359.jpg 2048w, https:\/\/mandalinarossa.com\/wp-content\/uploads\/2022\/03\/DSC00348-1140x756.jpg 1140w, https:\/\/mandalinarossa.com\/wp-content\/uploads\/2022\/03\/DSC00348-500x330.jpg 500w\" data-sizes=\"(max-width: 300px) 100vw, 300px\" \/>\n\t\t<div class=\"figc no-description\">\n\t\t\t<div class=\"figc-inner\">\n\t\t\t\t\t\t\t\t\t\t\t\t\t\t\t<\/div>\n\t\t<\/div>\n\n\t<\/div>\n\n<\/div>\t\t\n\t<\/div>\n\n\t\n\t\n\t<script type=\"application\/ld+json\">\n\t{\n\t\t\"@context\": \"http:\/\/schema.org\",\n\t\t\"@type\"   : \"ImageGallery\",\n\t\t\"id\"      : \"https:\/\/mandalinarossa.com\/?page_id=2388&#038;lang=tr\/\",\n\t\t\"url\"     : \"https:\/\/mandalinarossa.com\/?page_id=2388&#038;lang=tr\/\"\n\t}\n\n\t<\/script>\n\n\t\n<\/div>\n\n\n<p style=\"font-style:normal;font-weight:200\"><\/p>\n","protected":false},"excerpt":{"rendered":"","protected":false},"author":2,"featured_media":0,"parent":0,"menu_order":4,"comment_status":"closed","ping_status":"closed","template":"","meta":{"_eb_attr":"","footnotes":""},"class_list":["post-2388","page","type-page","status-publish","hentry"],"_links":{"self":[{"href":"https:\/\/mandalinarossa.com\/index.php?rest_route=\/wp\/v2\/pages\/2388","targetHints":{"allow":["GET"]}}],"collection":[{"href":"https:\/\/mandalinarossa.com\/index.php?rest_route=\/wp\/v2\/pages"}],"about":[{"href":"https:\/\/mandalinarossa.com\/index.php?rest_route=\/wp\/v2\/types\/page"}],"author":[{"embeddable":true,"href":"https:\/\/mandalinarossa.com\/index.php?rest_route=\/wp\/v2\/users\/2"}],"replies":[{"embeddable":true,"href":"https:\/\/mandalinarossa.com\/index.php?rest_route=%2Fwp%2Fv2%2Fcomments&post=2388"}],"version-history":[{"count":4,"href":"https:\/\/mandalinarossa.com\/index.php?rest_route=\/wp\/v2\/pages\/2388\/revisions"}],"predecessor-version":[{"id":2399,"href":"https:\/\/mandalinarossa.com\/index.php?rest_route=\/wp\/v2\/pages\/2388\/revisions\/2399"}],"wp:attachment":[{"href":"https:\/\/mandalinarossa.com\/index.php?rest_route=%2Fwp%2Fv2%2Fmedia&parent=2388"}],"curies":[{"name":"wp","href":"https:\/\/api.w.org\/{rel}","templated":true}]}}