{"id":2230,"date":"2022-03-28T14:34:53","date_gmt":"2022-03-28T14:34:53","guid":{"rendered":"https:\/\/blog.mandalinarossa.com\/?page_id=2230"},"modified":"2022-03-28T14:44:17","modified_gmt":"2022-03-28T14:44:17","slug":"dogal-yunler","status":"publish","type":"page","link":"https:\/\/mandalinarossa.com\/?page_id=2230&lang=tr","title":{"rendered":"Do\u011fal Y\u00fcnler"},"content":{"rendered":"\n<p>Kirmanla e\u011firdi\u011fim ve do\u011fal boyalarla boyad\u0131\u011f\u0131m y\u00fcnler<\/p>\n\n\n<style>#jtg-2232 .modula-item .jtg-social a, .lightbox-socials.jtg-social a{ fill: #ffffff; color: #ffffff }#jtg-2232 .modula-item .jtg-social-mobile a{ fill: #ffffff; color: #ffffff }#jtg-2232 .modula-item .jtg-social svg, .lightbox-socials.jtg-social svg { height: 16px; width: 16px }#jtg-2232 .modula-item .jtg-social-mobile svg { height: 16px; width: 16px }#jtg-2232 .modula-item .jtg-social a:not(:last-child), .lightbox-socials.jtg-social a:not(:last-child) { margin-right: 10px }#jtg-2232 .modula-item .jtg-social-mobile .jtg-social-mobile-icons a:not(:last-child){ margin-right: 10px }#jtg-2232 .modula-item .figc {color:#ffffff;}#jtg-2232 .modula-item .modula-item-content { transform: scale(1) }#jtg-2232 .modula-items .figc p.description { font-size:14px; }#jtg-2232 .modula-items .figc p.description { color:#ffffff;}#jtg-2232.modula-gallery .modula-item > a, #jtg-2232.modula-gallery .modula-item, #jtg-2232.modula-gallery .modula-item-content > a:not(.modula-no-follow) { cursor:pointer; } #jtg-2232.modula-gallery .modula-item-content .modula-no-follow { cursor: default; } @media screen and (max-width:480px){#jtg-2232 .modula-item .figc .jtg-title {  font-size: 12px; }#jtg-2232 .modula-items .figc p.description { color:#ffffff;font-size:10px; }}<\/style>\n<!-- Gallery Container -->\n<div  id=\"jtg-2232\" class=\"modula modula-gallery modula-custom-grid\" data-config=\"{&quot;height&quot;:800,&quot;tabletHeight&quot;:800,&quot;mobileHeight&quot;:800,&quot;desktopHeight&quot;:800,&quot;enableTwitter&quot;:false,&quot;enableWhatsapp&quot;:false,&quot;enableFacebook&quot;:false,&quot;enablePinterest&quot;:false,&quot;enableLinkedin&quot;:false,&quot;enableEmail&quot;:false,&quot;randomFactor&quot;:0.5,&quot;type&quot;:&quot;custom-grid&quot;,&quot;columns&quot;:12,&quot;gutter&quot;:10,&quot;mobileGutter&quot;:10,&quot;tabletGutter&quot;:10,&quot;desktopGutter&quot;:10,&quot;enableResponsive&quot;:&quot;0&quot;,&quot;tabletColumns&quot;:&quot;2&quot;,&quot;mobileColumns&quot;:&quot;1&quot;,&quot;lazyLoad&quot;:&quot;1&quot;,&quot;lightboxOpts&quot;:{&quot;animated&quot;:true,&quot;Thumbs&quot;:{&quot;type&quot;:&quot;modern&quot;,&quot;showOnStart&quot;:false},&quot;Toolbar&quot;:{&quot;display&quot;:{&quot;right&quot;:[&quot;close&quot;]},&quot;enabled&quot;:true},&quot;Carousel&quot;:{&quot;Panzoom&quot;:{&quot;touch&quot;:false},&quot;infinite&quot;:false},&quot;keyboard&quot;:{&quot;Escape&quot;:&quot;close&quot;,&quot;Delete&quot;:&quot;close&quot;,&quot;Backspace&quot;:&quot;close&quot;,&quot;PageUp&quot;:false,&quot;PageDown&quot;:false,&quot;ArrowUp&quot;:false,&quot;ArrowDown&quot;:false,&quot;ArrowRight&quot;:false,&quot;ArrowLeft&quot;:false},&quot;touch&quot;:false,&quot;backdropClick&quot;:false,&quot;l10n&quot;:{&quot;CLOSE&quot;:&quot;Close&quot;,&quot;NEXT&quot;:&quot;Next&quot;,&quot;PREV&quot;:&quot;Previous&quot;,&quot;Error&quot;:&quot;The requested content cannot be loaded. Please try again later.&quot;,&quot;PLAY_START&quot;:&quot;Start slideshow&quot;,&quot;PLAY_STOP&quot;:&quot;Pause slideshow&quot;,&quot;FULL_SCREEN&quot;:&quot;Full screen&quot;,&quot;THUMBS&quot;:&quot;Thumbnails&quot;,&quot;DOWNLOAD&quot;:&quot;Download&quot;,&quot;SHARE&quot;:&quot;Share&quot;,&quot;ZOOM&quot;:&quot;Zoom&quot;,&quot;EMAIL&quot;:&quot;Here is the link to the image : %%image_link%% and this is the link to the gallery : %%gallery_link%%&quot;,&quot;MODAL&quot;:&quot;You can close this modal content with the ESC key&quot;,&quot;ERROR&quot;:&quot;Something Went Wrong, Please Try Again Later&quot;,&quot;IMAGE_ERROR&quot;:&quot;Image Not Found&quot;,&quot;ELEMENT_NOT_FOUND&quot;:&quot;HTML Element Not Found&quot;,&quot;AJAX_NOT_FOUND&quot;:&quot;Error Loading AJAX : Not Found&quot;,&quot;AJAX_FORBIDDEN&quot;:&quot;Error Loading AJAX : Forbidden&quot;,&quot;IFRAME_ERROR&quot;:&quot;Error Loading Page&quot;,&quot;TOGGLE_ZOOM&quot;:&quot;Toggle zoom level&quot;,&quot;TOGGLE_THUMBS&quot;:&quot;Toggle thumbnails&quot;,&quot;TOGGLE_SLIDESHOW&quot;:&quot;Toggle slideshow&quot;,&quot;TOGGLE_FULLSCREEN&quot;:&quot;Toggle full-screen mode&quot;},&quot;Images&quot;:{&quot;Panzoom&quot;:{&quot;maxScale&quot;:2}},&quot;mainClass&quot;:&quot;modula-fancybox-container modula-lightbox-jtg-2232&quot;,&quot;Html&quot;:{&quot;videoAutoplay&quot;:0,&quot;videoTpl&quot;:&quot;&lt;video class=\\&quot;fancybox__html5video\\&quot; controls muted playsinline controlsList controlsList=\\&quot;nodownload\\&quot; poster=\\&quot;{{poster}}\\&quot; src=\\&quot;{{src}}\\&quot; type=\\&quot;{{format}}\\&quot; &gt;  Sorry, your browser doesn&#039;t support embedded videos, &lt;a href=\\&quot;{{src}}\\&quot;&gt; download &lt;\\\/a&gt; and watch with your favorite video player! &lt;\\\/video&gt;&quot;}},&quot;inView&quot;:false,&quot;email_subject&quot;:&quot;Check out this awesome image !!&quot;,&quot;email_message&quot;:&quot;Here is the link to the image : %%image_link%% and this is the link to the gallery : %%gallery_link%%&quot;,&quot;lightbox&quot;:&quot;fancybox&quot;}\">\n\n\t\n\t<!-- Items Container -->\n\t<div  class=\"modula-items\">\n\t\t<div class=\"modula-item effect-pufrobo\" data-width=\"4\" data-height=\"4\" >\n\t<div class=\"modula-item-overlay\"><\/div>\n\n\t<div class=\"modula-item-content\">\n\n\t\t\t\t\n\t\t\t\t\t<a data-image-id=\"1874\" data-elementor-open-lightbox=\"no\" tabindex=\"0\" rel=\"jtg-2232\" data-caption=\"so\u011fan kabu\u011fu boyas\u0131\" aria-label=\"Open image in lightbox\" role=\"button\" class=\"tile-inner modula-item-link\"><\/a>\n\t\t\n\t\t<img class=\"pic wp-image-1874 lazyload\"  data-valign=\"middle\" data-halign=\"center\" alt=\"Elde e\u011frilmi\u015f ve so\u011fan kabu\u011fuyla boyanm\u0131\u015f y\u00fcn\" data-full=\"https:\/\/mandalinarossa.com\/wp-content\/uploads\/2022\/03\/MECS3780.jpg\" title=\"Elde e\u011frilmi\u015f ve so\u011fan kabu\u011fuyla boyanm\u0131\u015f y\u00fcn\" width=\"300\" height=\"200\" data-src=\"https:\/\/mandalinarossa.com\/wp-content\/uploads\/2022\/03\/MECS3780-300x200.jpg\" data-caption=\"so\u011fan kabu\u011fu boyas\u0131\" data-source=\"modula\" data-srcset=\"https:\/\/mandalinarossa.com\/wp-content\/uploads\/2022\/03\/MECS3780-scaled.jpg 2560w, https:\/\/mandalinarossa.com\/wp-content\/uploads\/2022\/03\/MECS3780-scaled-300x200.jpg 300w, https:\/\/mandalinarossa.com\/wp-content\/uploads\/2022\/03\/MECS3780-1024x683.jpg 1024w, https:\/\/mandalinarossa.com\/wp-content\/uploads\/2022\/03\/MECS3780-768x512.jpg 768w, https:\/\/mandalinarossa.com\/wp-content\/uploads\/2022\/03\/MECS3780-600x400.jpg 600w, https:\/\/mandalinarossa.com\/wp-content\/uploads\/2022\/03\/MECS3780-1536x1024.jpg 1536w, https:\/\/mandalinarossa.com\/wp-content\/uploads\/2022\/03\/MECS3780-2048x1365.jpg 2048w, https:\/\/mandalinarossa.com\/wp-content\/uploads\/2022\/03\/MECS3780-1140x760.jpg 1140w\" data-sizes=\"(max-width: 300px) 100vw, 300px\" \/>\n\t\t<div class=\"figc\">\n\t\t\t<div class=\"figc-inner\">\n\t\t\t\t\t\t\t\t\t\t\t\t\t<p class=\"description\">so\u011fan kabu\u011fu boyas\u0131<\/p>\n\t\t\t\t\t\t\t\t\t\t\t<\/div>\n\t\t<\/div>\n\n\t<\/div>\n\n<\/div><div class=\"modula-item effect-pufrobo\" data-width=\"4\" data-height=\"4\" >\n\t<div class=\"modula-item-overlay\"><\/div>\n\n\t<div class=\"modula-item-content\">\n\n\t\t\t\t\n\t\t\t\t\t<a data-image-id=\"1875\" data-elementor-open-lightbox=\"no\" tabindex=\"0\" rel=\"jtg-2232\" data-caption=\"nar kabu\u011fu boyas\u0131\" aria-label=\"Open image in lightbox\" role=\"button\" class=\"tile-inner modula-item-link\"><\/a>\n\t\t\n\t\t<img class=\"pic wp-image-1875 lazyload\"  data-valign=\"middle\" data-halign=\"center\" alt=\"elde kirmanla e\u011frilmi\u015f ve nar kabu\u011fuyla boyanm\u0131\u015f y\u00fcn\" data-full=\"https:\/\/mandalinarossa.com\/wp-content\/uploads\/2022\/03\/MECS3781.jpg\" title=\"nar kabu\u011fuyla boyand\u0131\" width=\"300\" height=\"200\" data-src=\"https:\/\/mandalinarossa.com\/wp-content\/uploads\/2022\/03\/MECS3781-300x200.jpg\" data-caption=\"nar kabu\u011fu boyas\u0131\" data-source=\"modula\" data-srcset=\"https:\/\/mandalinarossa.com\/wp-content\/uploads\/2022\/03\/MECS3781-scaled.jpg 2560w, https:\/\/mandalinarossa.com\/wp-content\/uploads\/2022\/03\/MECS3781-scaled-300x200.jpg 300w, https:\/\/mandalinarossa.com\/wp-content\/uploads\/2022\/03\/MECS3781-1024x683.jpg 1024w, https:\/\/mandalinarossa.com\/wp-content\/uploads\/2022\/03\/MECS3781-768x512.jpg 768w, https:\/\/mandalinarossa.com\/wp-content\/uploads\/2022\/03\/MECS3781-600x400.jpg 600w, https:\/\/mandalinarossa.com\/wp-content\/uploads\/2022\/03\/MECS3781-1536x1024.jpg 1536w, https:\/\/mandalinarossa.com\/wp-content\/uploads\/2022\/03\/MECS3781-2048x1365.jpg 2048w, https:\/\/mandalinarossa.com\/wp-content\/uploads\/2022\/03\/MECS3781-1140x760.jpg 1140w\" data-sizes=\"(max-width: 300px) 100vw, 300px\" \/>\n\t\t<div class=\"figc\">\n\t\t\t<div class=\"figc-inner\">\n\t\t\t\t\t\t\t\t\t\t\t\t\t<p class=\"description\">nar kabu\u011fu boyas\u0131<\/p>\n\t\t\t\t\t\t\t\t\t\t\t<\/div>\n\t\t<\/div>\n\n\t<\/div>\n\n<\/div><div class=\"modula-item effect-pufrobo\" data-width=\"4\" data-height=\"4\" >\n\t<div class=\"modula-item-overlay\"><\/div>\n\n\t<div class=\"modula-item-content\">\n\n\t\t\t\t\n\t\t\t\t\t<a data-image-id=\"1873\" data-elementor-open-lightbox=\"no\" tabindex=\"0\" rel=\"jtg-2232\" data-caption=\"ayva yapra\u011f\u0131 boyas\u0131\" aria-label=\"Open image in lightbox\" role=\"button\" class=\"tile-inner modula-item-link\"><\/a>\n\t\t\n\t\t<img class=\"pic wp-image-1873 lazyload\"  data-valign=\"middle\" data-halign=\"center\" alt=\"elde kirmanla e\u011frilmi\u015f ve ayva yapra\u011f\u0131yla boyanm\u0131\u015f y\u00fcn\" data-full=\"https:\/\/mandalinarossa.com\/wp-content\/uploads\/2022\/03\/MECS3778.jpg\" title=\"ayva yapra\u011f\u0131 ile boyand\u0131\" width=\"300\" height=\"200\" data-src=\"https:\/\/mandalinarossa.com\/wp-content\/uploads\/2022\/03\/MECS3778-300x200.jpg\" data-caption=\"ayva yapra\u011f\u0131 boyas\u0131\" data-source=\"modula\" data-srcset=\"https:\/\/mandalinarossa.com\/wp-content\/uploads\/2022\/03\/MECS3778-scaled.jpg 2560w, https:\/\/mandalinarossa.com\/wp-content\/uploads\/2022\/03\/MECS3778-scaled-300x200.jpg 300w, https:\/\/mandalinarossa.com\/wp-content\/uploads\/2022\/03\/MECS3778-1024x683.jpg 1024w, https:\/\/mandalinarossa.com\/wp-content\/uploads\/2022\/03\/MECS3778-768x512.jpg 768w, https:\/\/mandalinarossa.com\/wp-content\/uploads\/2022\/03\/MECS3778-600x400.jpg 600w, https:\/\/mandalinarossa.com\/wp-content\/uploads\/2022\/03\/MECS3778-1536x1024.jpg 1536w, https:\/\/mandalinarossa.com\/wp-content\/uploads\/2022\/03\/MECS3778-2048x1365.jpg 2048w, https:\/\/mandalinarossa.com\/wp-content\/uploads\/2022\/03\/MECS3778-1140x760.jpg 1140w\" data-sizes=\"(max-width: 300px) 100vw, 300px\" \/>\n\t\t<div class=\"figc\">\n\t\t\t<div class=\"figc-inner\">\n\t\t\t\t\t\t\t\t\t\t\t\t\t<p class=\"description\">ayva yapra\u011f\u0131 boyas\u0131<\/p>\n\t\t\t\t\t\t\t\t\t\t\t<\/div>\n\t\t<\/div>\n\n\t<\/div>\n\n<\/div><div class=\"modula-item effect-pufrobo\" data-width=\"4\" data-height=\"4\" >\n\t<div class=\"modula-item-overlay\"><\/div>\n\n\t<div class=\"modula-item-content\">\n\n\t\t\t\t\n\t\t\t\t\t<a data-image-id=\"1878\" data-elementor-open-lightbox=\"no\" tabindex=\"0\" rel=\"jtg-2232\" data-caption=\"\u0130ngiliz sarma\u015f\u0131\u011f\u0131 boyas\u0131\" aria-label=\"Open image in lightbox\" role=\"button\" class=\"tile-inner modula-item-link\"><\/a>\n\t\t\n\t\t<img class=\"pic wp-image-1878 lazyload\"  data-valign=\"middle\" data-halign=\"center\" alt=\"elde e\u011frilmi\u015f ve \u0130ngiliz sarma\u015f\u0131\u011f\u0131yla boyanm\u0131\u015f y\u00fcn\" data-full=\"https:\/\/mandalinarossa.com\/wp-content\/uploads\/2022\/03\/DSC03858.jpg\" title=\"elde e\u011frilmi\u015f ve \u0130ngiliz sarma\u015f\u0131\u011f\u0131yla boyanm\u0131\u015f y\u00fcn\" width=\"300\" height=\"199\" data-src=\"https:\/\/mandalinarossa.com\/wp-content\/uploads\/2022\/03\/DSC03858-300x199.jpg\" data-caption=\"\u0130ngiliz sarma\u015f\u0131\u011f\u0131 boyas\u0131\" data-source=\"modula\" data-srcset=\"https:\/\/mandalinarossa.com\/wp-content\/uploads\/2022\/03\/DSC03858-scaled.jpg 2560w, https:\/\/mandalinarossa.com\/wp-content\/uploads\/2022\/03\/DSC03858-scaled-300x199.jpg 300w, https:\/\/mandalinarossa.com\/wp-content\/uploads\/2022\/03\/DSC03858-1024x680.jpg 1024w, https:\/\/mandalinarossa.com\/wp-content\/uploads\/2022\/03\/DSC03858-768x510.jpg 768w, https:\/\/mandalinarossa.com\/wp-content\/uploads\/2022\/03\/DSC03858-600x399.jpg 600w, https:\/\/mandalinarossa.com\/wp-content\/uploads\/2022\/03\/DSC03858-1536x1021.jpg 1536w, https:\/\/mandalinarossa.com\/wp-content\/uploads\/2022\/03\/DSC03858-2048x1361.jpg 2048w, https:\/\/mandalinarossa.com\/wp-content\/uploads\/2022\/03\/DSC03858-1140x758.jpg 1140w, https:\/\/mandalinarossa.com\/wp-content\/uploads\/2022\/03\/DSC03858-500x330.jpg 500w\" data-sizes=\"(max-width: 300px) 100vw, 300px\" \/>\n\t\t<div class=\"figc\">\n\t\t\t<div class=\"figc-inner\">\n\t\t\t\t\t\t\t\t\t\t\t\t\t<p class=\"description\">\u0130ngiliz sarma\u015f\u0131\u011f\u0131 boyas\u0131<\/p>\n\t\t\t\t\t\t\t\t\t\t\t<\/div>\n\t\t<\/div>\n\n\t<\/div>\n\n<\/div><div class=\"modula-item effect-pufrobo\" data-width=\"4\" data-height=\"4\" >\n\t<div class=\"modula-item-overlay\"><\/div>\n\n\t<div class=\"modula-item-content\">\n\n\t\t\t\t\n\t\t\t\t\t<a data-image-id=\"1894\" data-elementor-open-lightbox=\"no\" tabindex=\"0\" rel=\"jtg-2232\" data-caption=\"kirmanla \u00e7ift ip e\u011frilmi\u015f, boyanmam\u0131\u015f y\u00fcnler\" aria-label=\"Open image in lightbox\" role=\"button\" class=\"tile-inner modula-item-link\"><\/a>\n\t\t\n\t\t<img class=\"pic wp-image-1894 lazyload\"  data-valign=\"middle\" data-halign=\"center\" alt=\"kirmanla \u00e7ift ip e\u011frilmi\u015f y\u00fcnler\" data-full=\"https:\/\/mandalinarossa.com\/wp-content\/uploads\/2022\/03\/MECS3845.jpg\" title=\"kirmanla \u00e7ift ip e\u011frilmi\u015f y\u00fcnler\" width=\"300\" height=\"200\" data-src=\"https:\/\/mandalinarossa.com\/wp-content\/uploads\/2022\/03\/MECS3845-300x200.jpg\" data-caption=\"kirmanla \u00e7ift ip e\u011frilmi\u015f, boyanmam\u0131\u015f y\u00fcnler\" data-source=\"modula\" data-srcset=\"https:\/\/mandalinarossa.com\/wp-content\/uploads\/2022\/03\/MECS3845-scaled.jpg 2560w, https:\/\/mandalinarossa.com\/wp-content\/uploads\/2022\/03\/MECS3845-scaled-300x200.jpg 300w, https:\/\/mandalinarossa.com\/wp-content\/uploads\/2022\/03\/MECS3845-1024x683.jpg 1024w, https:\/\/mandalinarossa.com\/wp-content\/uploads\/2022\/03\/MECS3845-768x512.jpg 768w, https:\/\/mandalinarossa.com\/wp-content\/uploads\/2022\/03\/MECS3845-600x400.jpg 600w, https:\/\/mandalinarossa.com\/wp-content\/uploads\/2022\/03\/MECS3845-1536x1024.jpg 1536w, https:\/\/mandalinarossa.com\/wp-content\/uploads\/2022\/03\/MECS3845-2048x1365.jpg 2048w, https:\/\/mandalinarossa.com\/wp-content\/uploads\/2022\/03\/MECS3845-1140x760.jpg 1140w\" data-sizes=\"(max-width: 300px) 100vw, 300px\" \/>\n\t\t<div class=\"figc\">\n\t\t\t<div class=\"figc-inner\">\n\t\t\t\t\t\t\t\t\t\t\t\t\t<p class=\"description\">kirmanla \u00e7ift ip e\u011frilmi\u015f, boyanmam\u0131\u015f y\u00fcnler<\/p>\n\t\t\t\t\t\t\t\t\t\t\t<\/div>\n\t\t<\/div>\n\n\t<\/div>\n\n<\/div><div class=\"modula-item effect-pufrobo\" data-width=\"4\" data-height=\"4\" >\n\t<div class=\"modula-item-overlay\"><\/div>\n\n\t<div class=\"modula-item-content\">\n\n\t\t\t\t\n\t\t\t\t\t<a data-image-id=\"1895\" data-elementor-open-lightbox=\"no\" tabindex=\"0\" rel=\"jtg-2232\" data-caption=\"so\u011fan kabu\u011fu boyas\u0131\" aria-label=\"Open image in lightbox\" role=\"button\" class=\"tile-inner modula-item-link\"><\/a>\n\t\t\n\t\t<img class=\"pic wp-image-1895 lazyload\"  data-valign=\"middle\" data-halign=\"center\" alt=\"so\u011fan kabu\u011fu boyas\u0131\" data-full=\"https:\/\/mandalinarossa.com\/wp-content\/uploads\/2022\/03\/soganboyasi2.jpg\" title=\"so\u011fan kabu\u011fu boyas\u0131\" width=\"199\" height=\"300\" data-src=\"https:\/\/mandalinarossa.com\/wp-content\/uploads\/2022\/03\/soganboyasi2-199x300.jpg\" data-caption=\"so\u011fan kabu\u011fu boyas\u0131\" data-source=\"modula\" data-srcset=\"https:\/\/mandalinarossa.com\/wp-content\/uploads\/2022\/03\/soganboyasi2-scaled.jpg 1701w, https:\/\/mandalinarossa.com\/wp-content\/uploads\/2022\/03\/soganboyasi2-scaled-199x300.jpg 199w, https:\/\/mandalinarossa.com\/wp-content\/uploads\/2022\/03\/soganboyasi2-680x1024.jpg 680w, https:\/\/mandalinarossa.com\/wp-content\/uploads\/2022\/03\/soganboyasi2-768x1156.jpg 768w, https:\/\/mandalinarossa.com\/wp-content\/uploads\/2022\/03\/soganboyasi2-600x903.jpg 600w, https:\/\/mandalinarossa.com\/wp-content\/uploads\/2022\/03\/soganboyasi2-1021x1536.jpg 1021w, https:\/\/mandalinarossa.com\/wp-content\/uploads\/2022\/03\/soganboyasi2-1361x2048.jpg 1361w, https:\/\/mandalinarossa.com\/wp-content\/uploads\/2022\/03\/soganboyasi2-1140x1716.jpg 1140w\" data-sizes=\"(max-width: 199px) 100vw, 199px\" \/>\n\t\t<div class=\"figc\">\n\t\t\t<div class=\"figc-inner\">\n\t\t\t\t\t\t\t\t\t\t\t\t\t<p class=\"description\">so\u011fan kabu\u011fu boyas\u0131<\/p>\n\t\t\t\t\t\t\t\t\t\t\t<\/div>\n\t\t<\/div>\n\n\t<\/div>\n\n<\/div>\t\t\n\t<\/div>\n\n\t\n\t\n\t<script type=\"application\/ld+json\">\n\t{\n\t\t\"@context\": \"http:\/\/schema.org\",\n\t\t\"@type\"   : \"ImageGallery\",\n\t\t\"id\"      : \"https:\/\/mandalinarossa.com\/?page_id=2230&#038;lang=tr\/\",\n\t\t\"url\"     : \"https:\/\/mandalinarossa.com\/?page_id=2230&#038;lang=tr\/\"\n\t}\n\n\t<\/script>\n\n\t\n<\/div>","protected":false},"excerpt":{"rendered":"<p>Kirmanla e\u011firdi\u011fim ve do\u011fal boyalarla boyad\u0131\u011f\u0131m y\u00fcnler<\/p>\n","protected":false},"author":2,"featured_media":0,"parent":0,"menu_order":0,"comment_status":"closed","ping_status":"closed","template":"","meta":{"_eb_attr":"","footnotes":""},"class_list":["post-2230","page","type-page","status-publish","hentry"],"_links":{"self":[{"href":"https:\/\/mandalinarossa.com\/index.php?rest_route=\/wp\/v2\/pages\/2230","targetHints":{"allow":["GET"]}}],"collection":[{"href":"https:\/\/mandalinarossa.com\/index.php?rest_route=\/wp\/v2\/pages"}],"about":[{"href":"https:\/\/mandalinarossa.com\/index.php?rest_route=\/wp\/v2\/types\/page"}],"author":[{"embeddable":true,"href":"https:\/\/mandalinarossa.com\/index.php?rest_route=\/wp\/v2\/users\/2"}],"replies":[{"embeddable":true,"href":"https:\/\/mandalinarossa.com\/index.php?rest_route=%2Fwp%2Fv2%2Fcomments&post=2230"}],"version-history":[{"count":3,"href":"https:\/\/mandalinarossa.com\/index.php?rest_route=\/wp\/v2\/pages\/2230\/revisions"}],"predecessor-version":[{"id":2374,"href":"https:\/\/mandalinarossa.com\/index.php?rest_route=\/wp\/v2\/pages\/2230\/revisions\/2374"}],"wp:attachment":[{"href":"https:\/\/mandalinarossa.com\/index.php?rest_route=%2Fwp%2Fv2%2Fmedia&parent=2230"}],"curies":[{"name":"wp","href":"https:\/\/api.w.org\/{rel}","templated":true}]}}