{"id":2139,"date":"2022-03-26T09:35:20","date_gmt":"2022-03-26T09:35:20","guid":{"rendered":"https:\/\/blog.mandalinarossa.com\/?page_id=2139"},"modified":"2022-03-26T14:28:04","modified_gmt":"2022-03-26T14:28:04","slug":"fermentedsodas","status":"publish","type":"page","link":"https:\/\/mandalinarossa.com\/?page_id=2139","title":{"rendered":"Fermented Sodas"},"content":{"rendered":"\n<p>Fermented sodas that I made with wild plants while I was living in the Aegean coast of Turkey. <\/p>\n\n\n\n<p>In the cool of the morning, I gathered chicory flowers, fresh pine needles, dandelion flowers, chasteberries . With the use of wild yeasts as well as ginger bug, fruit sugar and some lemons, I turned the wild flora into sodas! <\/p>\n\n\n\n<p>I called them G\u00fcnd\u00fcz D\u00fc\u015f\u00fc (Morning Dream) and made bottles of them for a local restaurant.<\/p>\n\n\n\n<div class=\"wp-block-envira-envira-gallery\"><div id=\"envira-gallery-wrap-2206\" class=\"envira-gallery-wrap envira-gallery-theme-base envira-lightbox-theme-base\" itemscope itemtype=\"https:\/\/schema.org\/ImageGallery\"><div data-row-height=\"\" data-gallery-theme=\"\" id=\"envira-gallery-2206\" class=\"envira-gallery-public  envira-gallery-2-columns envira-clear enviratope envira-gallery-css-animations\" data-envira-columns=\"2\"><div id=\"envira-gallery-item-2216\" class=\"envira-gallery-item enviratope-item envira-gallery-item-1 envira-lazy-load\" style=\"padding-left: 0px; padding-bottom: 0px; padding-right: 0px;\"  itemscope itemtype=\"https:\/\/schema.org\/ImageObject\"><div class=\"envira-gallery-item-inner\"><div class=\"envira-gallery-position-overlay  envira-gallery-top-left\"><\/div><div class=\"envira-gallery-position-overlay  envira-gallery-top-right\"><\/div><div class=\"envira-gallery-position-overlay  envira-gallery-bottom-left\"><\/div><div class=\"envira-gallery-position-overlay  envira-gallery-bottom-right\"><\/div><a href=\"https:\/\/blog.mandalinarossa.com\/wp-content\/uploads\/2022\/03\/gazoz.jpg\" class=\"envira-gallery-2206 envira-gallery-link\" rel=\"enviragallery2206\" title=\"Fermented Sodas\" data-envira-caption=\"Fermented Sodas\" data-envira-retina=\"\" data-thumbnail=\"\"  itemprop=\"contentUrl\"><div class=\"envira-lazy\" data-test-width=\"640\" data-test-height=\"480\" style=\"padding-bottom:75%;\"><img decoding=\"async\" id=\"envira-gallery-image-2216\" class=\"envira-gallery-image envira-gallery-image-1\" data-envira-index=\"1\" src=\"https:\/\/mandalinarossa.com\/wp-content\/uploads\/2022\/03\/gazoz-500x330.jpg\" data-envira-src=\"https:\/\/mandalinarossa.com\/wp-content\/uploads\/2022\/03\/gazoz-500x330.jpg\" data-envira-gallery-id=\"2206\" data-envira-item-id=\"2216\" data-envira-caption=\"Fermented Sodas\" alt=\"fermented wild herbal sodas\" title=\"Fermented Sodas\"  itemprop=\"thumbnailUrl\" data-envira-srcset=\"https:\/\/mandalinarossa.com\/wp-content\/uploads\/2022\/03\/gazoz-500x330.jpg 400w,https:\/\/mandalinarossa.com\/wp-content\/uploads\/2022\/03\/gazoz-500x330.jpg 2x\" srcset=\"data:image\/gif;base64,R0lGODlhAQABAIAAAP\/\/\/\/\/\/\/yH5BAEKAAEALAAAAAABAAEAAAICTAEAOw==\" \/><\/div><\/a><\/div><\/div><div id=\"envira-gallery-item-2204\" class=\"envira-gallery-item enviratope-item envira-gallery-item-2 envira-lazy-load\" style=\"padding-left: 0px; padding-bottom: 0px; padding-right: 0px;\"  itemscope itemtype=\"https:\/\/schema.org\/ImageObject\"><div class=\"envira-gallery-item-inner\"><div class=\"envira-gallery-position-overlay  envira-gallery-top-left\"><\/div><div class=\"envira-gallery-position-overlay  envira-gallery-top-right\"><\/div><div class=\"envira-gallery-position-overlay  envira-gallery-bottom-left\"><\/div><div class=\"envira-gallery-position-overlay  envira-gallery-bottom-right\"><\/div><a href=\"https:\/\/blog.mandalinarossa.com\/wp-content\/uploads\/2022\/03\/hindiba-chicory2-scaled.jpg\" class=\"envira-gallery-2206 envira-gallery-link\" rel=\"enviragallery2206\" title=\"Chicory flowers\" data-envira-caption=\"Chicory flowers\" data-envira-retina=\"\" data-thumbnail=\"\"  itemprop=\"contentUrl\"><div class=\"envira-lazy\" data-test-width=\"640\" data-test-height=\"480\" style=\"padding-bottom:75%;\"><img decoding=\"async\" id=\"envira-gallery-image-2204\" class=\"envira-gallery-image envira-gallery-image-2\" data-envira-index=\"2\" src=\"https:\/\/mandalinarossa.com\/wp-content\/uploads\/2022\/03\/hindiba-chicory2-500x330.jpg\" data-envira-src=\"https:\/\/mandalinarossa.com\/wp-content\/uploads\/2022\/03\/hindiba-chicory2-500x330.jpg\" data-envira-gallery-id=\"2206\" data-envira-item-id=\"2204\" data-envira-caption=\"Chicory flowers\" alt=\"\" title=\"Chicory flowers\"  itemprop=\"thumbnailUrl\" data-envira-srcset=\"https:\/\/mandalinarossa.com\/wp-content\/uploads\/2022\/03\/hindiba-chicory2-500x330.jpg 400w,https:\/\/mandalinarossa.com\/wp-content\/uploads\/2022\/03\/hindiba-chicory2-500x330.jpg 2x\" srcset=\"data:image\/gif;base64,R0lGODlhAQABAIAAAP\/\/\/\/\/\/\/yH5BAEKAAEALAAAAAABAAEAAAICTAEAOw==\" \/><\/div><\/a><\/div><\/div><div id=\"envira-gallery-item-2203\" class=\"envira-gallery-item enviratope-item envira-gallery-item-3 envira-lazy-load\" style=\"padding-left: 0px; padding-bottom: 0px; padding-right: 0px;\"  itemscope itemtype=\"https:\/\/schema.org\/ImageObject\"><div class=\"envira-gallery-item-inner\"><div class=\"envira-gallery-position-overlay  envira-gallery-top-left\"><\/div><div class=\"envira-gallery-position-overlay  envira-gallery-top-right\"><\/div><div class=\"envira-gallery-position-overlay  envira-gallery-bottom-left\"><\/div><div class=\"envira-gallery-position-overlay  envira-gallery-bottom-right\"><\/div><a href=\"https:\/\/blog.mandalinarossa.com\/wp-content\/uploads\/2022\/03\/hindiba-chicory-scaled.jpg\" class=\"envira-gallery-2206 envira-gallery-link\" rel=\"enviragallery2206\" title=\"chicory flower soda fermenting\" data-envira-caption=\"chicory flower soda fermenting\" data-envira-retina=\"\" data-thumbnail=\"\"  itemprop=\"contentUrl\"><div class=\"envira-lazy\" data-test-width=\"640\" data-test-height=\"480\" style=\"padding-bottom:75%;\"><img decoding=\"async\" id=\"envira-gallery-image-2203\" class=\"envira-gallery-image envira-gallery-image-3\" data-envira-index=\"3\" src=\"https:\/\/mandalinarossa.com\/wp-content\/uploads\/2022\/03\/hindiba-chicory-500x330.jpg\" data-envira-src=\"https:\/\/mandalinarossa.com\/wp-content\/uploads\/2022\/03\/hindiba-chicory-500x330.jpg\" data-envira-gallery-id=\"2206\" data-envira-item-id=\"2203\" data-envira-caption=\"chicory flower soda fermenting\" alt=\"chicory flower soda fermenting\" title=\"chicory flower soda fermenting\"  itemprop=\"thumbnailUrl\" data-envira-srcset=\"https:\/\/mandalinarossa.com\/wp-content\/uploads\/2022\/03\/hindiba-chicory-500x330.jpg 400w,https:\/\/mandalinarossa.com\/wp-content\/uploads\/2022\/03\/hindiba-chicory-500x330.jpg 2x\" srcset=\"data:image\/gif;base64,R0lGODlhAQABAIAAAP\/\/\/\/\/\/\/yH5BAEKAAEALAAAAAABAAEAAAICTAEAOw==\" \/><\/div><\/a><\/div><\/div><div id=\"envira-gallery-item-2205\" class=\"envira-gallery-item enviratope-item envira-gallery-item-4 envira-lazy-load\" style=\"padding-left: 0px; padding-bottom: 0px; padding-right: 0px;\"  itemscope itemtype=\"https:\/\/schema.org\/ImageObject\"><div class=\"envira-gallery-item-inner\"><div class=\"envira-gallery-position-overlay  envira-gallery-top-left\"><\/div><div class=\"envira-gallery-position-overlay  envira-gallery-top-right\"><\/div><div class=\"envira-gallery-position-overlay  envira-gallery-bottom-left\"><\/div><div class=\"envira-gallery-position-overlay  envira-gallery-bottom-right\"><\/div><a href=\"https:\/\/blog.mandalinarossa.com\/wp-content\/uploads\/2022\/03\/karahindibagazozu-scaled.jpg\" class=\"envira-gallery-2206 envira-gallery-link\" rel=\"enviragallery2206\" title=\"dandelion flower soda fermenting\" data-envira-caption=\"dandelion flower soda fermenting\" data-envira-retina=\"\" data-thumbnail=\"\"  itemprop=\"contentUrl\"><div class=\"envira-lazy\" data-test-width=\"640\" data-test-height=\"480\" style=\"padding-bottom:75%;\"><img decoding=\"async\" id=\"envira-gallery-image-2205\" class=\"envira-gallery-image envira-gallery-image-4\" data-envira-index=\"4\" src=\"https:\/\/mandalinarossa.com\/wp-content\/uploads\/2022\/03\/karahindibagazozu-500x330.jpg\" data-envira-src=\"https:\/\/mandalinarossa.com\/wp-content\/uploads\/2022\/03\/karahindibagazozu-500x330.jpg\" data-envira-gallery-id=\"2206\" data-envira-item-id=\"2205\" data-envira-caption=\"dandelion flower soda fermenting\" alt=\"chicory flower soda fermenting\" title=\"dandelion flower soda fermenting\"  itemprop=\"thumbnailUrl\" data-envira-srcset=\"https:\/\/mandalinarossa.com\/wp-content\/uploads\/2022\/03\/karahindibagazozu-500x330.jpg 400w,https:\/\/mandalinarossa.com\/wp-content\/uploads\/2022\/03\/karahindibagazozu-500x330.jpg 2x\" srcset=\"data:image\/gif;base64,R0lGODlhAQABAIAAAP\/\/\/\/\/\/\/yH5BAEKAAEALAAAAAABAAEAAAICTAEAOw==\" \/><\/div><\/a><\/div><\/div><div id=\"envira-gallery-item-2218\" class=\"envira-gallery-item enviratope-item envira-gallery-item-5 envira-lazy-load\" style=\"padding-left: 0px; padding-bottom: 0px; padding-right: 0px;\"  itemscope itemtype=\"https:\/\/schema.org\/ImageObject\"><div class=\"envira-gallery-item-inner\"><div class=\"envira-gallery-position-overlay  envira-gallery-top-left\"><\/div><div class=\"envira-gallery-position-overlay  envira-gallery-top-right\"><\/div><div class=\"envira-gallery-position-overlay  envira-gallery-bottom-left\"><\/div><div class=\"envira-gallery-position-overlay  envira-gallery-bottom-right\"><\/div><a href=\"https:\/\/blog.mandalinarossa.com\/wp-content\/uploads\/2022\/03\/hayittabak.jpg\" class=\"envira-gallery-2206 envira-gallery-link\" rel=\"enviragallery2206\" title=\"chasteberries,cinnamon and dried orange rinds\" data-envira-caption=\"chasteberries,cinnamon and dried orange rinds\" data-envira-retina=\"\" data-thumbnail=\"\"  itemprop=\"contentUrl\"><div class=\"envira-lazy\" data-test-width=\"640\" data-test-height=\"480\" style=\"padding-bottom:75%;\"><img decoding=\"async\" id=\"envira-gallery-image-2218\" class=\"envira-gallery-image envira-gallery-image-5\" data-envira-index=\"5\" src=\"https:\/\/mandalinarossa.com\/wp-content\/uploads\/2022\/03\/hayittabak-500x330.jpg\" data-envira-src=\"https:\/\/mandalinarossa.com\/wp-content\/uploads\/2022\/03\/hayittabak-500x330.jpg\" data-envira-gallery-id=\"2206\" data-envira-item-id=\"2218\" data-envira-caption=\"chasteberries,cinnamon and dried orange rinds\" alt=\"\" title=\"chasteberries,cinnamon and dried orange rinds\"  itemprop=\"thumbnailUrl\" data-envira-srcset=\"https:\/\/mandalinarossa.com\/wp-content\/uploads\/2022\/03\/hayittabak-500x330.jpg 400w,https:\/\/mandalinarossa.com\/wp-content\/uploads\/2022\/03\/hayittabak-500x330.jpg 2x\" srcset=\"data:image\/gif;base64,R0lGODlhAQABAIAAAP\/\/\/\/\/\/\/yH5BAEKAAEALAAAAAABAAEAAAICTAEAOw==\" \/><\/div><\/a><\/div><\/div><div id=\"envira-gallery-item-2217\" class=\"envira-gallery-item enviratope-item envira-gallery-item-6 envira-lazy-load\" style=\"padding-left: 0px; padding-bottom: 0px; padding-right: 0px;\"  itemscope itemtype=\"https:\/\/schema.org\/ImageObject\"><div class=\"envira-gallery-item-inner\"><div class=\"envira-gallery-position-overlay  envira-gallery-top-left\"><\/div><div class=\"envira-gallery-position-overlay  envira-gallery-top-right\"><\/div><div class=\"envira-gallery-position-overlay  envira-gallery-bottom-left\"><\/div><div class=\"envira-gallery-position-overlay  envira-gallery-bottom-right\"><\/div><a href=\"https:\/\/blog.mandalinarossa.com\/wp-content\/uploads\/2022\/03\/hayit.jpg\" class=\"envira-gallery-2206 envira-gallery-link\" rel=\"enviragallery2206\" title=\"chasteberry soda fermenting\" data-envira-caption=\"chasteberry soda fermenting\" data-envira-retina=\"\" data-thumbnail=\"\"  itemprop=\"contentUrl\"><div class=\"envira-lazy\" data-test-width=\"640\" data-test-height=\"480\" style=\"padding-bottom:75%;\"><img decoding=\"async\" id=\"envira-gallery-image-2217\" class=\"envira-gallery-image envira-gallery-image-6\" data-envira-index=\"6\" src=\"https:\/\/mandalinarossa.com\/wp-content\/uploads\/2022\/03\/hayit-500x330.jpg\" data-envira-src=\"https:\/\/mandalinarossa.com\/wp-content\/uploads\/2022\/03\/hayit-500x330.jpg\" data-envira-gallery-id=\"2206\" data-envira-item-id=\"2217\" data-envira-caption=\"chasteberry soda fermenting\" alt=\"chasteberry soda fermenting\" title=\"chasteberry soda fermenting\"  itemprop=\"thumbnailUrl\" data-envira-srcset=\"https:\/\/mandalinarossa.com\/wp-content\/uploads\/2022\/03\/hayit-500x330.jpg 400w,https:\/\/mandalinarossa.com\/wp-content\/uploads\/2022\/03\/hayit-500x330.jpg 2x\" srcset=\"data:image\/gif;base64,R0lGODlhAQABAIAAAP\/\/\/\/\/\/\/yH5BAEKAAEALAAAAAABAAEAAAICTAEAOw==\" \/><\/div><\/a><\/div><\/div><\/div><\/div><noscript><img decoding=\"async\" src=\"https:\/\/mandalinarossa.com\/wp-content\/uploads\/2022\/03\/gazoz.jpg\" alt=\"fermented wild herbal sodas\" \/><img decoding=\"async\" src=\"https:\/\/mandalinarossa.com\/wp-content\/uploads\/2022\/03\/hindiba-chicory2-scaled.jpg\" alt=\"\" \/><img decoding=\"async\" src=\"https:\/\/mandalinarossa.com\/wp-content\/uploads\/2022\/03\/hindiba-chicory-scaled.jpg\" alt=\"chicory flower soda fermenting\" \/><img decoding=\"async\" src=\"https:\/\/mandalinarossa.com\/wp-content\/uploads\/2022\/03\/karahindibagazozu-scaled.jpg\" alt=\"chicory flower soda fermenting\" \/><img decoding=\"async\" src=\"https:\/\/mandalinarossa.com\/wp-content\/uploads\/2022\/03\/hayittabak.jpg\" alt=\"\" \/><img decoding=\"async\" src=\"https:\/\/mandalinarossa.com\/wp-content\/uploads\/2022\/03\/hayit.jpg\" alt=\"chasteberry soda fermenting\" \/><\/noscript><\/div>\n","protected":false},"excerpt":{"rendered":"<p>Fermented sodas that I made with wild plants while I was living in the Aegean coast of Turkey. In the cool of the morning, I gathered chicory flowers, fresh pine needles, dandelion flowers, chasteberries . With the use of wild yeasts as well as ginger bug, fruit sugar and some lemons, I turned the wild flora into sodas! I called them G\u00fcnd\u00fcz D\u00fc\u015f\u00fc (Morning Dream) and made bottles of them for a local restaurant.<\/p>\n","protected":false},"author":2,"featured_media":0,"parent":0,"menu_order":0,"comment_status":"closed","ping_status":"closed","template":"","meta":{"_eb_attr":"","footnotes":""},"class_list":["post-2139","page","type-page","status-publish","hentry"],"_links":{"self":[{"href":"https:\/\/mandalinarossa.com\/index.php?rest_route=\/wp\/v2\/pages\/2139","targetHints":{"allow":["GET"]}}],"collection":[{"href":"https:\/\/mandalinarossa.com\/index.php?rest_route=\/wp\/v2\/pages"}],"about":[{"href":"https:\/\/mandalinarossa.com\/index.php?rest_route=\/wp\/v2\/types\/page"}],"author":[{"embeddable":true,"href":"https:\/\/mandalinarossa.com\/index.php?rest_route=\/wp\/v2\/users\/2"}],"replies":[{"embeddable":true,"href":"https:\/\/mandalinarossa.com\/index.php?rest_route=%2Fwp%2Fv2%2Fcomments&post=2139"}],"version-history":[{"count":6,"href":"https:\/\/mandalinarossa.com\/index.php?rest_route=\/wp\/v2\/pages\/2139\/revisions"}],"predecessor-version":[{"id":2222,"href":"https:\/\/mandalinarossa.com\/index.php?rest_route=\/wp\/v2\/pages\/2139\/revisions\/2222"}],"wp:attachment":[{"href":"https:\/\/mandalinarossa.com\/index.php?rest_route=%2Fwp%2Fv2%2Fmedia&parent=2139"}],"curies":[{"name":"wp","href":"https:\/\/api.w.org\/{rel}","templated":true}]}}