{"id":2138,"date":"2022-03-26T09:35:20","date_gmt":"2022-03-26T09:35:20","guid":{"rendered":"https:\/\/blog.mandalinarossa.com\/?page_id=2138"},"modified":"2024-05-01T09:53:34","modified_gmt":"2024-05-01T09:53:34","slug":"disisleri","status":"publish","type":"page","link":"https:\/\/mandalinarossa.com\/?page_id=2138","title":{"rendered":"Di\u015f \u0130\u015fleri &#8211; Natural Tooth Powder"},"content":{"rendered":"\n<div class=\"wp-block-envira-envira-gallery\"><div id=\"envira-gallery-wrap-2207\" class=\"envira-gallery-wrap envira-gallery-theme-base envira-lightbox-theme-base\" itemscope itemtype=\"https:\/\/schema.org\/ImageGallery\"><div data-row-height=\"\" data-gallery-theme=\"\" id=\"envira-gallery-2207\" class=\"envira-gallery-public  envira-gallery-2-columns envira-clear enviratope envira-gallery-css-animations\" data-envira-columns=\"2\"><div id=\"envira-gallery-item-2198\" class=\"envira-gallery-item enviratope-item envira-gallery-item-1 envira-lazy-load\" style=\"padding-left: 1px; padding-bottom: 1px; padding-right: 1px;\"  itemscope itemtype=\"https:\/\/schema.org\/ImageObject\"><div class=\"envira-gallery-item-inner\"><div class=\"envira-gallery-position-overlay  envira-gallery-top-left\"><\/div><div class=\"envira-gallery-position-overlay  envira-gallery-top-right\"><\/div><div class=\"envira-gallery-position-overlay  envira-gallery-bottom-left\"><\/div><div class=\"envira-gallery-position-overlay  envira-gallery-bottom-right\"><\/div><a href=\"https:\/\/blog.mandalinarossa.com\/wp-content\/uploads\/2022\/03\/9-scaled.jpg\" class=\"envira-gallery-2207 envira-gallery-link\" rel=\"enviragallery2207\" title=\"teeth affairs\" data-envira-caption=\"teeth affairs\" data-envira-retina=\"\" data-thumbnail=\"\"  itemprop=\"contentUrl\"><div class=\"envira-lazy\" data-test-width=\"640\" data-test-height=\"480\" style=\"padding-bottom:75%;\"><img decoding=\"async\" id=\"envira-gallery-image-2198\" class=\"envira-gallery-image envira-gallery-image-1\" data-envira-index=\"1\" src=\"https:\/\/mandalinarossa.com\/wp-content\/uploads\/2022\/03\/9-scaled.jpg\" data-envira-src=\"https:\/\/mandalinarossa.com\/wp-content\/uploads\/2022\/03\/9-scaled.jpg\" data-envira-gallery-id=\"2207\" data-envira-item-id=\"2198\" data-envira-caption=\"teeth affairs\" alt=\"natural tooth powder\" title=\"teeth affairs\"  itemprop=\"thumbnailUrl\" data-envira-srcset=\"https:\/\/mandalinarossa.com\/wp-content\/uploads\/2022\/03\/9-scaled.jpg 400w,https:\/\/mandalinarossa.com\/wp-content\/uploads\/2022\/03\/9-scaled.jpg 2x\" srcset=\"data:image\/gif;base64,R0lGODlhAQABAIAAAP\/\/\/\/\/\/\/yH5BAEKAAEALAAAAAABAAEAAAICTAEAOw==\" \/><\/div><\/a><\/div><\/div><div id=\"envira-gallery-item-2196\" class=\"envira-gallery-item enviratope-item envira-gallery-item-2 envira-lazy-load\" style=\"padding-left: 1px; padding-bottom: 1px; padding-right: 1px;\"  itemscope itemtype=\"https:\/\/schema.org\/ImageObject\"><div class=\"envira-gallery-item-inner\"><div class=\"envira-gallery-position-overlay  envira-gallery-top-left\"><\/div><div class=\"envira-gallery-position-overlay  envira-gallery-top-right\"><\/div><div class=\"envira-gallery-position-overlay  envira-gallery-bottom-left\"><\/div><div class=\"envira-gallery-position-overlay  envira-gallery-bottom-right\"><\/div><a href=\"https:\/\/blog.mandalinarossa.com\/wp-content\/uploads\/2022\/03\/7-scaled.jpg\" class=\"envira-gallery-2207 envira-gallery-link\" rel=\"enviragallery2207\" title=\"natural tooth powder\" data-envira-caption=\"natural tooth powder\" data-envira-retina=\"\" data-thumbnail=\"\"  itemprop=\"contentUrl\"><div class=\"envira-lazy\" data-test-width=\"640\" data-test-height=\"480\" style=\"padding-bottom:75%;\"><img decoding=\"async\" id=\"envira-gallery-image-2196\" class=\"envira-gallery-image envira-gallery-image-2\" data-envira-index=\"2\" src=\"https:\/\/mandalinarossa.com\/wp-content\/uploads\/2022\/03\/7-500x330.jpg\" data-envira-src=\"https:\/\/mandalinarossa.com\/wp-content\/uploads\/2022\/03\/7-500x330.jpg\" data-envira-gallery-id=\"2207\" data-envira-item-id=\"2196\" data-envira-caption=\"natural tooth powder\" alt=\"\" title=\"natural tooth powder\"  itemprop=\"thumbnailUrl\" data-envira-srcset=\"https:\/\/mandalinarossa.com\/wp-content\/uploads\/2022\/03\/7-500x330.jpg 400w,https:\/\/mandalinarossa.com\/wp-content\/uploads\/2022\/03\/7-500x330.jpg 2x\" srcset=\"data:image\/gif;base64,R0lGODlhAQABAIAAAP\/\/\/\/\/\/\/yH5BAEKAAEALAAAAAABAAEAAAICTAEAOw==\" \/><\/div><\/a><\/div><\/div><div id=\"envira-gallery-item-2195\" class=\"envira-gallery-item enviratope-item envira-gallery-item-3 envira-lazy-load\" style=\"padding-left: 1px; padding-bottom: 1px; padding-right: 1px;\"  itemscope itemtype=\"https:\/\/schema.org\/ImageObject\"><div class=\"envira-gallery-item-inner\"><div class=\"envira-gallery-position-overlay  envira-gallery-top-left\"><\/div><div class=\"envira-gallery-position-overlay  envira-gallery-top-right\"><\/div><div class=\"envira-gallery-position-overlay  envira-gallery-bottom-left\"><\/div><div class=\"envira-gallery-position-overlay  envira-gallery-bottom-right\"><\/div><a href=\"https:\/\/blog.mandalinarossa.com\/wp-content\/uploads\/2022\/03\/6-scaled.jpg\" class=\"envira-gallery-2207 envira-gallery-link\" rel=\"enviragallery2207\" title=\"6\" data-envira-caption=\"6\" data-envira-retina=\"\" data-thumbnail=\"\"  itemprop=\"contentUrl\"><div class=\"envira-lazy\" data-test-width=\"640\" data-test-height=\"480\" style=\"padding-bottom:75%;\"><img decoding=\"async\" id=\"envira-gallery-image-2195\" class=\"envira-gallery-image envira-gallery-image-3\" data-envira-index=\"3\" src=\"https:\/\/mandalinarossa.com\/wp-content\/uploads\/2022\/03\/6-500x330.jpg\" data-envira-src=\"https:\/\/mandalinarossa.com\/wp-content\/uploads\/2022\/03\/6-500x330.jpg\" data-envira-gallery-id=\"2207\" data-envira-item-id=\"2195\" data-envira-caption=\"6\" alt=\"\" title=\"6\"  itemprop=\"thumbnailUrl\" data-envira-srcset=\"https:\/\/mandalinarossa.com\/wp-content\/uploads\/2022\/03\/6-500x330.jpg 400w,https:\/\/mandalinarossa.com\/wp-content\/uploads\/2022\/03\/6-500x330.jpg 2x\" srcset=\"data:image\/gif;base64,R0lGODlhAQABAIAAAP\/\/\/\/\/\/\/yH5BAEKAAEALAAAAAABAAEAAAICTAEAOw==\" \/><\/div><\/a><\/div><\/div><div id=\"envira-gallery-item-2193\" class=\"envira-gallery-item enviratope-item envira-gallery-item-4 envira-lazy-load\" style=\"padding-left: 1px; padding-bottom: 1px; padding-right: 1px;\"  itemscope itemtype=\"https:\/\/schema.org\/ImageObject\"><div class=\"envira-gallery-item-inner\"><div class=\"envira-gallery-position-overlay  envira-gallery-top-left\"><\/div><div class=\"envira-gallery-position-overlay  envira-gallery-top-right\"><\/div><div class=\"envira-gallery-position-overlay  envira-gallery-bottom-left\"><\/div><div class=\"envira-gallery-position-overlay  envira-gallery-bottom-right\"><\/div><a href=\"https:\/\/blog.mandalinarossa.com\/wp-content\/uploads\/2022\/03\/4-scaled.jpg\" class=\"envira-gallery-2207 envira-gallery-link\" rel=\"enviragallery2207\" title=\"natural tooth powder\" data-envira-caption=\"natural tooth powder\" data-envira-retina=\"\" data-thumbnail=\"\"  itemprop=\"contentUrl\"><div class=\"envira-lazy\" data-test-width=\"640\" data-test-height=\"480\" style=\"padding-bottom:75%;\"><img decoding=\"async\" id=\"envira-gallery-image-2193\" class=\"envira-gallery-image envira-gallery-image-4\" data-envira-index=\"4\" src=\"https:\/\/mandalinarossa.com\/wp-content\/uploads\/2022\/03\/4-500x330.jpg\" data-envira-src=\"https:\/\/mandalinarossa.com\/wp-content\/uploads\/2022\/03\/4-500x330.jpg\" data-envira-gallery-id=\"2207\" data-envira-item-id=\"2193\" data-envira-caption=\"natural tooth powder\" alt=\"natural tooth powder\" title=\"natural tooth powder\"  itemprop=\"thumbnailUrl\" data-envira-srcset=\"https:\/\/mandalinarossa.com\/wp-content\/uploads\/2022\/03\/4-500x330.jpg 400w,https:\/\/mandalinarossa.com\/wp-content\/uploads\/2022\/03\/4-500x330.jpg 2x\" srcset=\"data:image\/gif;base64,R0lGODlhAQABAIAAAP\/\/\/\/\/\/\/yH5BAEKAAEALAAAAAABAAEAAAICTAEAOw==\" \/><\/div><\/a><\/div><\/div><\/div><\/div><noscript><img decoding=\"async\" src=\"https:\/\/mandalinarossa.com\/wp-content\/uploads\/2022\/03\/9-scaled.jpg\" alt=\"natural tooth powder\" \/><img decoding=\"async\" src=\"https:\/\/mandalinarossa.com\/wp-content\/uploads\/2022\/03\/7-scaled.jpg\" alt=\"\" \/><img decoding=\"async\" src=\"https:\/\/mandalinarossa.com\/wp-content\/uploads\/2022\/03\/6-scaled.jpg\" alt=\"\" \/><img decoding=\"async\" src=\"https:\/\/mandalinarossa.com\/wp-content\/uploads\/2022\/03\/4-scaled.jpg\" alt=\"natural tooth powder\" \/><\/noscript><\/div>\n\n\n\n<p><\/p>\n\n\n\n<p>\ud83c\udf3bConventional toothpastes contain micro plastic particles, sweeteners and many other chemicals. That&#8217;s why we&#8217;re staying away from them for a long time now!<\/p>\n\n\n\n<p>\ud83c\udf3bOver the years we tried many recipes, obtained traditional toothpowders from many many miles away, we passed a little time with<br>miswak twigs (salvadora persica) and tried some alternative products in the market.<\/p>\n\n\n\n<p>\ud83c\udf3bWe tried, made mistakes, but didn&#8217;t give up and created a tooth powder<br>with all natural ingredients that have many benefits. We&#8217;re excited to to share our final product with you!<\/p>\n\n\n\n<p>\ud83c\udf3b So what are the ingredients of Di\u015f \u0130\u015fleri (Teeth Affairs) No.1? Here they  are :<\/p>\n\n\n\n<p>\ud83c\udf31 <strong>Bentonite Clay: <\/strong>It absorbs toxins and removes them from the body. It&#8217;s anti-bacterial. It provides minerals and alkalizes the mouth flora.<\/p>\n\n\n\n<p>\ud83c\udf31 <strong>Calcium Carbonate:<\/strong> Provides calcium and whitens the teeth.<\/p>\n\n\n\n<p>\ud83c\udf31 <strong>Bicarbonate of Soda:<\/strong> With its abrasive properties, it removes stains from your teeth, neutralizes acid build up and prevents the forming of plaque.<\/p>\n\n\n\n<p>\ud83c\udf31 <strong>Cacao<\/strong>: With the theobramin content, it helps remineralizing tooth enamel.<\/p>\n\n\n\n<p>\ud83c\udf31 <strong>Cinnamon:<\/strong> It&#8217;s antibacterial and adds a nice taste. <\/p>\n\n\n\n<p>\ud83c\udf31 <strong>Sea Salt:<\/strong> By neutrilizing acids, it prevents bacterial growth.<\/p>\n\n\n\n<p>\ud83c\udf32 It&#8217;s easy to use our tooth powder. Just scoop a little bit of the powder with a wooden spoon, and place it on your toothbrush. Then softly brush your teeth .<\/p>\n","protected":false},"excerpt":{"rendered":"<p>\ud83c\udf3bConventional toothpastes contain micro plastic particles, sweeteners and many other chemicals. That&#8217;s why we&#8217;re staying away from them for a long time now! \ud83c\udf3bOver the years we tried many recipes, obtained traditional toothpowders from many many miles away, we passed a little time withmiswak twigs (salvadora persica) and tried some alternative products in the market. \ud83c\udf3bWe tried, made mistakes, but didn&#8217;t give up and created a tooth powderwith all natural ingredients that have many benefits. We&#8217;re excited to to share our final product with you! \ud83c\udf3b So what are the ingredients of Di\u015f \u0130\u015fleri (Teeth Affairs) No.1? Here they are : \ud83c\udf31 Bentonite Clay: It absorbs toxins and removes them from the body. It&#8217;s anti-bacterial. It provides minerals and alkalizes the mouth flora. \ud83c\udf31 Calcium Carbonate: Provides calcium and whitens the teeth. \ud83c\udf31 Bicarbonate of Soda: With its abrasive properties, it removes stains from your teeth, neutralizes acid build up and prevents the forming of plaque. \ud83c\udf31 Cacao: With the theobramin content, it helps remineralizing tooth enamel. \ud83c\udf31 Cinnamon: It&#8217;s antibacterial and adds a nice taste. \ud83c\udf31 Sea Salt: By neutrilizing acids, it prevents bacterial growth. \ud83c\udf32 It&#8217;s easy to use our tooth powder. Just scoop a little bit of the powder with a wooden spoon, and place it on your toothbrush. Then softly brush your teeth .<\/p>\n","protected":false},"author":2,"featured_media":0,"parent":0,"menu_order":0,"comment_status":"closed","ping_status":"closed","template":"","meta":{"_eb_attr":"","footnotes":""},"class_list":["post-2138","page","type-page","status-publish","hentry"],"_links":{"self":[{"href":"https:\/\/mandalinarossa.com\/index.php?rest_route=\/wp\/v2\/pages\/2138","targetHints":{"allow":["GET"]}}],"collection":[{"href":"https:\/\/mandalinarossa.com\/index.php?rest_route=\/wp\/v2\/pages"}],"about":[{"href":"https:\/\/mandalinarossa.com\/index.php?rest_route=\/wp\/v2\/types\/page"}],"author":[{"embeddable":true,"href":"https:\/\/mandalinarossa.com\/index.php?rest_route=\/wp\/v2\/users\/2"}],"replies":[{"embeddable":true,"href":"https:\/\/mandalinarossa.com\/index.php?rest_route=%2Fwp%2Fv2%2Fcomments&post=2138"}],"version-history":[{"count":13,"href":"https:\/\/mandalinarossa.com\/index.php?rest_route=\/wp\/v2\/pages\/2138\/revisions"}],"predecessor-version":[{"id":4376,"href":"https:\/\/mandalinarossa.com\/index.php?rest_route=\/wp\/v2\/pages\/2138\/revisions\/4376"}],"wp:attachment":[{"href":"https:\/\/mandalinarossa.com\/index.php?rest_route=%2Fwp%2Fv2%2Fmedia&parent=2138"}],"curies":[{"name":"wp","href":"https:\/\/api.w.org\/{rel}","templated":true}]}}